{"id":14869,"date":"2014-05-20T07:51:11","date_gmt":"2014-05-20T07:51:11","guid":{"rendered":"http:\/\/demo.qodeinteractive.com\/bridge46\/?page_id=14869"},"modified":"2024-12-09T15:12:12","modified_gmt":"2024-12-09T15:12:12","slug":"home","status":"publish","type":"page","link":"https:\/\/cisternasmorelli.cl\/","title":{"rendered":"Inicio"},"content":{"rendered":"<div class=\"wpb-content-wrapper\"><p>[vc_row css_animation=\u00bb\u00bb row_type=\u00bbrow\u00bb use_row_as_full_screen_section=\u00bbno\u00bb type=\u00bbgrid\u00bb angled_section=\u00bbno\u00bb text_align=\u00bbcenter\u00bb background_image_as_pattern=\u00bbwithout_pattern\u00bb background_color=\u00bb#9b825e\u00bb padding_top=\u00bb45&#8243; padding_bottom=\u00bb45&#8243;][vc_column]<div class=\"custom_font_holder \" style=\"font-family: Lora; font-style: normal; font-weight: 400; color: #ffffff; text-decoration: none; text-align: center; --qode-cf-font-size: 18px; --qode-cf-line-height: 22px; --qode-cf-font-size-1440: 18px; --qode-cf-line-height-1440: 22px; --qode-cf-font-size-1366: 18px; --qode-cf-line-height-1366: 22px; --qode-cf-font-size-1280: 18px; --qode-cf-line-height-1280: 22px; --qode-cf-font-size-1024: 18px; --qode-cf-line-height-1024: 22px; --qode-cf-font-size-768: 18px; --qode-cf-line-height-768: 22px; --qode-cf-font-size-680: 18px; --qode-cf-line-height-680: 22px; --qode-cf-font-size-480: 18px; --qode-cf-line-height-480: 22px;\">Ofrecemos una amplia gama de servicios jur\u00eddicos especializados en materias de Due Diligence, Derecho de Familia, Laboral, Civil, Quiebras o Insolvencia y Derecho Penal.<\/div>[\/vc_column][\/vc_row][vc_row css_animation=\u00bb\u00bb row_type=\u00bbrow\u00bb use_row_as_full_screen_section=\u00bbno\u00bb type=\u00bbgrid\u00bb angled_section=\u00bbno\u00bb text_align=\u00bbleft\u00bb background_image_as_pattern=\u00bbwithout_pattern\u00bb padding_top=\u00bb102&#8243; el_class=\u00bbicon_border\u00bb padding_bottom=\u00bb0&#8243;][vc_column][vc_column_text css=\u00bb\u00bb]<\/p>\n<h4 style=\"text-align: center;\">Estamos en Edificio Gala en Vi\u00f1a del Mar<\/h4>\n<p>[\/vc_column_text][vc_separator type=\u00bbtransparent\u00bb up=\u00bb29&#8243; down=\u00bb0&#8243;][vc_column_text css=\u00bb\u00bb]<\/p>\n<h2 style=\"text-align: center;\">Bienvenidos<\/h2>\n<p>[\/vc_column_text][vc_separator type=\u00bbsmall\u00bb position=\u00bbcenter\u00bb up=\u00bb33&#8243; down=\u00bb58&#8243;][vc_row_inner row_type=\u00bbrow\u00bb type=\u00bbfull_width\u00bb text_align=\u00bbleft\u00bb css_animation=\u00bb\u00bb][vc_column_inner width=\u00bb1\/2&#8243;][vc_single_image image=\u00bb15712&#8243; img_size=\u00bbfull\u00bb alignment=\u00bbcenter\u00bb css=\u00bb\u00bb qode_css_animation=\u00bb\u00bb][vc_separator type=\u00bbsmall\u00bb position=\u00bbleft\u00bb up=\u00bb24&#8243; down=\u00bb22&#8243; width=\u00bb30&#8243;][vc_column_text css=\u00bb\u00bb]<\/p>\n<h5><em>La clave es la comunicaci\u00f3n<\/em><\/h5>\n<p>[\/vc_column_text][\/vc_column_inner][vc_column_inner width=\u00bb1\/2&#8243;][vc_column_text css=\u00bb\u00bb]<\/p>\n<h5>Sobre nuestro estudio<\/h5>\n<p>[\/vc_column_text][vc_separator type=\u00bbsmall\u00bb position=\u00bbleft\u00bb up=\u00bb24&#8243; down=\u00bb22&#8243; width=\u00bb30&#8243;][vc_column_text css=\u00bb\u00bb]Generar una comunicaci\u00f3n estrecha con nuestros clientes es fundamental para nosotros, permiti\u00e9ndonos tener una visi\u00f3n completa de los requerimientos y, lograr soluciones que cumplan con el objetivo encomendado.<\/p>\n<p>Adem\u00e1s, nos preocupamos de que nuestro cliente comprenda, en sus propios t\u00e9rminos, las apreciaciones legales propias del proceso.[\/vc_column_text][vc_separator type=\u00bbtransparent\u00bb up=\u00bb20&#8243; down=\u00bb0&#8243;]<div class=\"custom_font_holder \" style=\"font-family: Lora; font-style: italic; font-weight: 400; color: #9b825e; text-decoration: none; text-align: left; --qode-cf-font-size: 22px; --qode-cf-line-height: 18px; --qode-cf-font-size-1440: 22px; --qode-cf-line-height-1440: 18px; --qode-cf-font-size-1366: 22px; --qode-cf-line-height-1366: 18px; --qode-cf-font-size-1280: 22px; --qode-cf-line-height-1280: 18px; --qode-cf-font-size-1024: 22px; --qode-cf-line-height-1024: 18px; --qode-cf-font-size-768: 22px; --qode-cf-line-height-768: 18px; --qode-cf-font-size-680: 22px; --qode-cf-line-height-680: 18px; --qode-cf-font-size-480: 22px; --qode-cf-line-height-480: 18px;\">Clientes:<\/div>[vc_single_image image=\u00bb15740&#8243; img_size=\u00bbfull\u00bb alignment=\u00bbcenter\u00bb css=\u00bb\u00bb qode_css_animation=\u00bb\u00bb][\/vc_column_inner][\/vc_row_inner][\/vc_column][\/vc_row][vc_row css_animation=\u00bb\u00bb row_type=\u00bbrow\u00bb use_row_as_full_screen_section=\u00bbno\u00bb type=\u00bbfull_width\u00bb angled_section=\u00bbno\u00bb text_align=\u00bbcenter\u00bb background_image_as_pattern=\u00bbwithout_pattern\u00bb el_class=\u00bbiconsection\u00bb][vc_column]<span data-type=\"circle\"   class=\"qode_icon_shortcode fa-stack q_font_awsome_icon_stack fa-4x pull-center \" style=\" \"><i class=\"fa fa-circle fa-stack-base fa-stack-2x\" style=\"color: #9b825e;\"><\/i><i class=\"qode_icon_font_awesome fa fa-university qode_icon_element fa-stack-1x\" style=\"font-size: 51px;color: #ffffff;\" ><\/i><\/span>[\/vc_column][\/vc_row][vc_row row_type=\u00bbparallax\u00bb parallax_content_width=\u00bbin_grid\u00bb text_align=\u00bbleft\u00bb full_screen_section_height=\u00bbno\u00bb background_image=\u00bb15290&#8243; section_height=\u00bb820&#8243;][vc_column][vc_separator type=\u00bbtransparent\u00bb up=\u00bb86&#8243; down=\u00bb0&#8243;][vc_column_text css=\u00bb\u00bb]<\/p>\n<h4 style=\"text-align: center;\">Dedicados a la Excelencia<\/h4>\n<p>[\/vc_column_text][vc_separator type=\u00bbtransparent\u00bb up=\u00bb29&#8243; down=\u00bb0&#8243;][vc_column_text css=\u00bb\u00bb]<\/p>\n<h2 style=\"text-align: center;\">Equipo Legal<\/h2>\n<p>[\/vc_column_text][vc_empty_space height=\u00bb50px\u00bb][vc_row_inner row_type=\u00bbrow\u00bb type=\u00bbfull_width\u00bb text_align=\u00bbleft\u00bb css_animation=\u00bb\u00bb][vc_column_inner width=\u00bb1\/3&#8243;][vc_single_image image=\u00bb15726&#8243; img_size=\u00bbfull\u00bb alignment=\u00bbcenter\u00bb style=\u00bbvc_box_circle\u00bb css=\u00bb\u00bb qode_css_animation=\u00bb\u00bb][vc_separator type=\u00bbsmall\u00bb position=\u00bbcenter\u00bb up=\u00bb24&#8243; down=\u00bb22&#8243; width=\u00bb30&#8243;][vc_column_text css=\u00bb\u00bb]<\/p>\n<h5 style=\"text-align: center;\">Pablo Pe\u00f1a Videla<\/h5>\n<p>[\/vc_column_text][vc_separator type=\u00bbsmall\u00bb position=\u00bbcenter\u00bb up=\u00bb24&#8243; down=\u00bb22&#8243; width=\u00bb30&#8243;][vc_column_text css=\u00bb\u00bb]<\/p>\n<p style=\"text-align: center;\">Abogado, Mag\u00edster (c) en Derecho PUCV<\/p>\n<p style=\"text-align: center;\">Diplomado en Derecho de Contratos PUCV<\/p>\n<p style=\"text-align: center;\">Diplomado en Responsabilidad Civil Extracontractual PUCV<\/p>\n<p>[\/vc_column_text][\/vc_column_inner][vc_column_inner width=\u00bb1\/3&#8243;][vc_single_image image=\u00bb15724&#8243; img_size=\u00bbfull\u00bb alignment=\u00bbcenter\u00bb style=\u00bbvc_box_circle\u00bb css=\u00bb\u00bb qode_css_animation=\u00bb\u00bb][vc_separator type=\u00bbsmall\u00bb position=\u00bbcenter\u00bb up=\u00bb24&#8243; down=\u00bb22&#8243; width=\u00bb30&#8243;][vc_column_text css=\u00bb\u00bb]<\/p>\n<h5 style=\"text-align: center;\">Estephano Cisternas Morelli<\/h5>\n<p>[\/vc_column_text][vc_separator type=\u00bbsmall\u00bb position=\u00bbcenter\u00bb up=\u00bb24&#8243; down=\u00bb22&#8243; width=\u00bb30&#8243;][vc_column_text css=\u00bb\u00bb]<\/p>\n<p style=\"text-align: center;\">Abogado, Mag\u00edster en Direcci\u00f3n Tributaria<\/p>\n<p style=\"text-align: center;\">Director de Cisternas Morelli Pe\u00f1a Astudillo Abogados<\/p>\n<p>[\/vc_column_text][\/vc_column_inner][vc_column_inner width=\u00bb1\/3&#8243;][vc_single_image image=\u00bb15727&#8243; img_size=\u00bbfull\u00bb alignment=\u00bbcenter\u00bb style=\u00bbvc_box_circle\u00bb css=\u00bb\u00bb qode_css_animation=\u00bb\u00bb][vc_separator type=\u00bbsmall\u00bb position=\u00bbcenter\u00bb up=\u00bb24&#8243; down=\u00bb22&#8243; width=\u00bb30&#8243;][vc_column_text css=\u00bb\u00bb]<\/p>\n<h5 style=\"text-align: center;\">Cristian Astudillo Tordecilla<\/h5>\n<p>[\/vc_column_text][vc_separator type=\u00bbsmall\u00bb position=\u00bbcenter\u00bb up=\u00bb24&#8243; down=\u00bb22&#8243; width=\u00bb30&#8243;][vc_column_text css=\u00bb\u00bb]<\/p>\n<p style=\"text-align: center;\">Abogado, Especializado en Derecho Penal<\/p>\n<p>[\/vc_column_text][\/vc_column_inner][\/vc_row_inner][vc_row_inner row_type=\u00bbrow\u00bb type=\u00bbfull_width\u00bb text_align=\u00bbleft\u00bb css_animation=\u00bb\u00bb][vc_column_inner][\/vc_column_inner][\/vc_row_inner][vc_separator type=\u00bbtransparent\u00bb up=\u00bb85&#8243; down=\u00bb0&#8243;][\/vc_column][\/vc_row][vc_row css_animation=\u00bb\u00bb row_type=\u00bbrow\u00bb use_row_as_full_screen_section=\u00bbno\u00bb type=\u00bbgrid\u00bb angled_section=\u00bbno\u00bb text_align=\u00bbcenter\u00bb background_image_as_pattern=\u00bbwithout_pattern\u00bb padding_top=\u00bb103&#8243; el_class=\u00bbimages_grid\u00bb padding_bottom=\u00bb132&#8243;][vc_column][vc_column_text css=\u00bb\u00bb]<\/p>\n<h3 style=\"text-align: center;\">Servicios<\/h3>\n<p>[\/vc_column_text][vc_separator type=\u00bbsmall\u00bb position=\u00bbcenter\u00bb up=\u00bb33&#8243; down=\u00bb45&#8243;][vc_column_text css=\u00bb\u00bb]<\/p>\n<h5 style=\"text-align: center;\">Nuestra experiencia conjunta nos entrega las herramientas y conocimiento necesario para analizar todas las aristas de su caso.<\/h5>\n<p>[\/vc_column_text][vc_separator type=\u00bbsmall\u00bb position=\u00bbcenter\u00bb up=\u00bb33&#8243; down=\u00bb45&#8243;][vc_row_inner row_type=\u00bbrow\u00bb type=\u00bbfull_width\u00bb text_align=\u00bbleft\u00bb css_animation=\u00bb\u00bb][vc_column_inner width=\u00bb1\/4&#8243;][vc_single_image image=\u00bb15747&#8243; img_size=\u00bbfull\u00bb alignment=\u00bbcenter\u00bb css=\u00bb\u00bb qode_css_animation=\u00bb\u00bb][vc_separator type=\u00bbsmall\u00bb position=\u00bbcenter\u00bb up=\u00bb24&#8243; down=\u00bb22&#8243; width=\u00bb30&#8243;][vc_column_text css=\u00bb\u00bb]<\/p>\n<h5 style=\"text-align: center;\">Empresas<\/h5>\n<p>[\/vc_column_text][vc_separator type=\u00bbsmall\u00bb position=\u00bbcenter\u00bb up=\u00bb24&#8243; down=\u00bb22&#8243; width=\u00bb30&#8243;][vc_column_text css=\u00bb\u00bb]<\/p>\n<p style=\"text-align: left;\">El <strong>Derecho Corporativo<\/strong> norma la empresa y su actividad industrial, mercantil o de prestaci\u00f3n de servicio.<\/p>\n<p>Brindamos una asesor\u00eda integral; desde su estructuraci\u00f3n, durante su proceso de formaci\u00f3n, hasta el completo funcionamiento legal de la compa\u00f1\u00eda.<\/p>\n<p>Ofrecemos adem\u00e1s una panor\u00e1mica completa del estado de su empresa o inversi\u00f3n.[\/vc_column_text][\/vc_column_inner][vc_column_inner width=\u00bb1\/4&#8243;][vc_single_image image=\u00bb15749&#8243; img_size=\u00bbfull\u00bb alignment=\u00bbcenter\u00bb css=\u00bb\u00bb qode_css_animation=\u00bb\u00bb][vc_separator type=\u00bbsmall\u00bb position=\u00bbcenter\u00bb up=\u00bb24&#8243; down=\u00bb22&#8243; width=\u00bb30&#8243;][vc_column_text css=\u00bb\u00bb]<\/p>\n<h5 style=\"text-align: center;\">Civil<\/h5>\n<p>[\/vc_column_text][vc_separator type=\u00bbsmall\u00bb position=\u00bbcenter\u00bb up=\u00bb24&#8243; down=\u00bb22&#8243; width=\u00bb30&#8243;][vc_column_text css=\u00bb\u00bb]<\/p>\n<p style=\"text-align: left;\">El <strong>Derecho Civil<\/strong> es aquella rama del derecho que regula las relaciones entre privados.<\/p>\n<p style=\"text-align: left;\">Dentro de esta disciplina se enmarca el estudio de los contratos, estudio de t\u00edtulos, responsabilidad civil m\u00e9dica, cobro de t\u00edtulos de cr\u00e9dito.<\/p>\n<p style=\"text-align: left;\">Por su parte el <strong>Derecho Sucesorio<\/strong> estudia el destino de los bienes, derechos u obligaciones de quien fallece.<\/p>\n<p>[\/vc_column_text][\/vc_column_inner][vc_column_inner width=\u00bb1\/4&#8243;][vc_single_image image=\u00bb15754&#8243; img_size=\u00bbfull\u00bb alignment=\u00bbcenter\u00bb css=\u00bb\u00bb qode_css_animation=\u00bb\u00bb][vc_separator type=\u00bbsmall\u00bb position=\u00bbcenter\u00bb up=\u00bb24&#8243; down=\u00bb22&#8243; width=\u00bb30&#8243;][vc_column_text css=\u00bb\u00bb]<\/p>\n<h5 style=\"text-align: center;\">Laboral<\/h5>\n<p>[\/vc_column_text][vc_separator type=\u00bbsmall\u00bb position=\u00bbcenter\u00bb up=\u00bb24&#8243; down=\u00bb22&#8243; width=\u00bb30&#8243;][vc_column_text css=\u00bb\u00bb]<\/p>\n<p style=\"text-align: left;\">El <strong>Derecho Laboral<\/strong> regula las relaciones de trabajo dependiente y los derechos de los trabajadores.<\/p>\n<p style=\"text-align: left;\">Las materias m\u00e1s consultadas y tramitadas son el despido, el auto despido, la tutela por vulneraci\u00f3n de derechos fundamentales del trabajador, la nulidad del despido, cobro de remuneraciones y cotizaciones impagas, el fuero y los descansos maternales y paternales, la constituci\u00f3n de sindicados, la negociaci\u00f3n colectiva y el fuero sindical.<\/p>\n<p>[\/vc_column_text][\/vc_column_inner][vc_column_inner width=\u00bb1\/4&#8243;][vc_single_image image=\u00bb15756&#8243; img_size=\u00bbfull\u00bb alignment=\u00bbcenter\u00bb css=\u00bb\u00bb qode_css_animation=\u00bb\u00bb][vc_separator type=\u00bbsmall\u00bb position=\u00bbcenter\u00bb up=\u00bb24&#8243; down=\u00bb22&#8243; width=\u00bb30&#8243;][vc_column_text css=\u00bb\u00bb]<\/p>\n<h5 style=\"text-align: center;\">Familia<\/h5>\n<p>[\/vc_column_text][vc_separator type=\u00bbsmall\u00bb position=\u00bbcenter\u00bb up=\u00bb24&#8243; down=\u00bb22&#8243; width=\u00bb30&#8243;][vc_column_text css=\u00bb\u00bb]<\/p>\n<p style=\"text-align: left;\">El Derecho de Familia busca prevenir o solucionar los problemas que afectan a las familias.<\/p>\n<p style=\"text-align: left;\">Las materias m\u00e1s tramitadas son los divorcios, la relaci\u00f3n directa y regular (visitas), el cuidado personal (tuici\u00f3n), medidas de protecci\u00f3n a menores vulnerados en sus derechos, violencia intrafamiliar, adopci\u00f3n, salidas del pa\u00eds en compa\u00f1\u00eda de hijos, entre otros.<\/p>\n<p>[\/vc_column_text][\/vc_column_inner][\/vc_row_inner][\/vc_column][\/vc_row]<\/p>\n<\/div>","protected":false},"excerpt":{"rendered":"<p>[vc_row css_animation=\u00bb\u00bb row_type=\u00bbrow\u00bb use_row_as_full_screen_section=\u00bbno\u00bb type=\u00bbgrid\u00bb angled_section=\u00bbno\u00bb text_align=\u00bbcenter\u00bb background_image_as_pattern=\u00bbwithout_pattern\u00bb background_color=\u00bb#9b825e\u00bb padding_top=\u00bb45&#8243; padding_bottom=\u00bb45&#8243;][vc_column][\/vc_column][\/vc_row][vc_row css_animation=\u00bb\u00bb row_type=\u00bbrow\u00bb use_row_as_full_screen_section=\u00bbno\u00bb type=\u00bbgrid\u00bb angled_section=\u00bbno\u00bb text_align=\u00bbleft\u00bb background_image_as_pattern=\u00bbwithout_pattern\u00bb padding_top=\u00bb102&#8243; el_class=\u00bbicon_border\u00bb padding_bottom=\u00bb0&#8243;][vc_column][vc_column_text css=\u00bb\u00bb] Estamos en Edificio Gala en Vi\u00f1a del Mar [\/vc_column_text][vc_separator type=\u00bbtransparent\u00bb up=\u00bb29&#8243; down=\u00bb0&#8243;][vc_column_text css=\u00bb\u00bb] Bienvenidos [\/vc_column_text][vc_separator type=\u00bbsmall\u00bb position=\u00bbcenter\u00bb up=\u00bb33&#8243; down=\u00bb58&#8243;][vc_row_inner row_type=\u00bbrow\u00bb type=\u00bbfull_width\u00bb text_align=\u00bbleft\u00bb css_animation=\u00bb\u00bb][vc_column_inner&#8230;<\/p>\n","protected":false},"author":1,"featured_media":0,"parent":0,"menu_order":0,"comment_status":"open","ping_status":"closed","template":"full_width.php","meta":{"footnotes":""},"class_list":["post-14869","page","type-page","status-publish","hentry"],"_links":{"self":[{"href":"https:\/\/cisternasmorelli.cl\/index.php\/wp-json\/wp\/v2\/pages\/14869","targetHints":{"allow":["GET"]}}],"collection":[{"href":"https:\/\/cisternasmorelli.cl\/index.php\/wp-json\/wp\/v2\/pages"}],"about":[{"href":"https:\/\/cisternasmorelli.cl\/index.php\/wp-json\/wp\/v2\/types\/page"}],"author":[{"embeddable":true,"href":"https:\/\/cisternasmorelli.cl\/index.php\/wp-json\/wp\/v2\/users\/1"}],"replies":[{"embeddable":true,"href":"https:\/\/cisternasmorelli.cl\/index.php\/wp-json\/wp\/v2\/comments?post=14869"}],"version-history":[{"count":38,"href":"https:\/\/cisternasmorelli.cl\/index.php\/wp-json\/wp\/v2\/pages\/14869\/revisions"}],"predecessor-version":[{"id":15757,"href":"https:\/\/cisternasmorelli.cl\/index.php\/wp-json\/wp\/v2\/pages\/14869\/revisions\/15757"}],"wp:attachment":[{"href":"https:\/\/cisternasmorelli.cl\/index.php\/wp-json\/wp\/v2\/media?parent=14869"}],"curies":[{"name":"wp","href":"https:\/\/api.w.org\/{rel}","templated":true}]}}